{"id":6092,"date":"2021-04-16T08:45:42","date_gmt":"2021-04-16T06:45:42","guid":{"rendered":"https:\/\/studentradion.se\/?page_id=6092"},"modified":"2021-06-02T11:11:44","modified_gmt":"2021-06-02T09:11:44","slug":"nyheter-2","status":"publish","type":"page","link":"https:\/\/studentradion.se\/en_gb\/nyheter-2\/","title":{"rendered":"NEWS"},"content":{"rendered":"<p>[et_pb_section fb_built=&#8221;1&#8243; fullwidth=&#8221;on&#8221; custom_padding_last_edited=&#8221;on|desktop&#8221; disabled_on=&#8221;on|on|&#8221; admin_label=&#8221;Section desktop&#8221; _builder_version=&#8221;4.9.4&#8243; background_color=&#8221;#ffffff&#8221; custom_padding_tablet=&#8221;50px|0|50px|0&#8243; custom_padding_phone=&#8221;&#8221; transparent_background=&#8221;off&#8221; padding_mobile=&#8221;off&#8221; make_fullwidth=&#8221;off&#8221; use_custom_width=&#8221;off&#8221; width_unit=&#8221;on&#8221; locked=&#8221;off&#8221;][et_pb_fullwidth_header title=&#8221;SRS Nyheter&#8221; content_max_width=&#8221;none&#8221; title_font_color=&#8221;#ffffff&#8221; subhead_font_color=&#8221;#6e9cd0&#8243; content_font_color=&#8221;#ffffff&#8221; disabled_on=&#8221;off||&#8221; admin_label=&#8221;Fullwidth Header&#8221; _builder_version=&#8221;4.9.4&#8243; title_font=&#8221;|on|||&#8221; title_text_color=&#8221;#ffffff&#8221; title_font_size=&#8221;50px&#8221; content_text_color=&#8221;#ffffff&#8221; content_font_size=&#8221;20px&#8221; subhead_text_color=&#8221;#6e9cd0&#8243; subhead_font_size=&#8221;20px&#8221; background_color=&#8221;#fdce00&#8243; button_one_letter_spacing_hover=&#8221;0&#8243; button_two_letter_spacing_hover=&#8221;0&#8243; button_one_text_size__hover_enabled=&#8221;off&#8221; button_two_text_size__hover_enabled=&#8221;off&#8221; button_one_text_color__hover_enabled=&#8221;off&#8221; button_two_text_color__hover_enabled=&#8221;off&#8221; button_one_border_width__hover_enabled=&#8221;off&#8221; button_two_border_width__hover_enabled=&#8221;off&#8221; button_one_border_color__hover_enabled=&#8221;off&#8221; button_two_border_color__hover_enabled=&#8221;off&#8221; button_one_border_radius__hover_enabled=&#8221;off&#8221; button_two_border_radius__hover_enabled=&#8221;off&#8221; button_one_letter_spacing__hover_enabled=&#8221;on&#8221; button_one_letter_spacing__hover=&#8221;0&#8243; button_two_letter_spacing__hover_enabled=&#8221;on&#8221; button_two_letter_spacing__hover=&#8221;0&#8243; button_one_bg_color__hover_enabled=&#8221;off&#8221; button_two_bg_color__hover_enabled=&#8221;off&#8221;]<\/p>\n<h3><span style=\"font-size: 18pt;\">H\u00e4r hittar du de senaste nyheterna fr\u00e5n SRS<\/span><\/h3>\n<p>[\/et_pb_fullwidth_header][\/et_pb_section][et_pb_section fb_built=&#8221;1&#8243; custom_padding_last_edited=&#8221;on|desktop&#8221; disabled_on=&#8221;on|on|&#8221; admin_label=&#8221;Section desktop&#8221; _builder_version=&#8221;4.9.4&#8243; background_color=&#8221;#ffffff&#8221; custom_padding_tablet=&#8221;50px|0|50px|0&#8243; custom_padding_phone=&#8221;&#8221; transparent_background=&#8221;off&#8221; padding_mobile=&#8221;off&#8221; make_fullwidth=&#8221;off&#8221; use_custom_width=&#8221;off&#8221; width_unit=&#8221;on&#8221; locked=&#8221;off&#8221;][et_pb_row padding_mobile=&#8221;off&#8221; column_padding_mobile=&#8221;on&#8221; disabled_on=&#8221;on|on|&#8221; admin_label=&#8221;Row desktop&#8221; _builder_version=&#8221;4.9.4&#8243; background_size=&#8221;initial&#8221; background_position=&#8221;top_left&#8221; background_repeat=&#8221;repeat&#8221; make_fullwidth=&#8221;off&#8221; use_custom_width=&#8221;off&#8221; width_unit=&#8221;on&#8221;][et_pb_column type=&#8221;4_4&#8243; _builder_version=&#8221;3.25&#8243; custom_padding=&#8221;|||&#8221; custom_padding__hover=&#8221;|||&#8221;][et_pb_blog fullwidth=&#8221;off&#8221; posts_number=&#8221;6&#8243; include_categories=&#8221;31&#8243; use_manual_excerpt=&#8221;off&#8221; excerpt_length=&#8221;100&#8243; disabled_on=&#8221;off|off|off&#8221; admin_label=&#8221;Blog desktop&#8221; _builder_version=&#8221;4.9.4&#8243; header_font=&#8221;|on|||&#8221; header_font_size=&#8221;14&#8243; link_option_url_new_window=&#8221;on&#8221; hover_enabled=&#8221;0&#8243; use_border_color=&#8221;off&#8221; border_color=&#8221;#ffffff&#8221; border_style=&#8221;solid&#8221; use_dropshadow=&#8221;off&#8221; show_content__hover_enabled=&#8221;off|desktop&#8221; sticky_enabled=&#8221;0&#8243;] [\/et_pb_blog][\/et_pb_column][\/et_pb_row][et_pb_row column_structure=&#8221;1_2,1_2&#8243; disabled_on=&#8221;on|on|off&#8221; admin_label=&#8221;Rad desktop&#8221; _builder_version=&#8221;4.9.4&#8243; _module_preset=&#8221;default&#8221;][et_pb_column type=&#8221;1_2&#8243; _builder_version=&#8221;4.9.3&#8243; _module_preset=&#8221;default&#8221;][et_pb_button button_url=&#8221;https:\/\/studentradion.se\/nyheter-2019\/&#8221; button_text=&#8221;\u00c4ldre nyheter&#8221; button_alignment=&#8221;left&#8221; _builder_version=&#8221;4.9.4&#8243; _module_preset=&#8221;default&#8221; custom_button=&#8221;on&#8221; button_icon=&#8221;%%2%%&#8221;][\/et_pb_button][et_pb_social_media_follow admin_label=&#8221;Sociala medier&#8221; _builder_version=&#8221;4.9.2&#8243; link_shape=&#8221;rounded_rectangle&#8221; saved_tabs=&#8221;all&#8221; locked=&#8221;off&#8221;][et_pb_social_media_follow_network social_network=&#8221;facebook&#8221; url=&#8221;https:\/\/www.facebook.com\/SRS-Studentradion-i-Sverige-155757564522420\/&#8221; _builder_version=&#8221;3.0.74&#8243; background_color=&#8221;#3b5998&#8243; bg_color=&#8221;#3b5998&#8243; link_shape=&#8221;rounded_rectangle&#8221; follow_button=&#8221;off&#8221; url_new_window=&#8221;on&#8221;] facebook [\/et_pb_social_media_follow_network][et_pb_social_media_follow_network social_network=&#8221;instagram&#8221; url=&#8221;https:\/\/www.instagram.com\/studentradionisverige\/&#8221; _builder_version=&#8221;4.9.2&#8243; background_color=&#8221;#517fa4&#8243; bg_color=&#8221;#517fa4&#8243; link_shape=&#8221;rounded_rectangle&#8221; follow_button=&#8221;off&#8221; url_new_window=&#8221;on&#8221;] Instagram [\/et_pb_social_media_follow_network][\/et_pb_social_media_follow][\/et_pb_column][et_pb_column type=&#8221;1_2&#8243; _builder_version=&#8221;4.9.3&#8243; _module_preset=&#8221;default&#8221;][\/et_pb_column][\/et_pb_row][\/et_pb_section][et_pb_section fb_built=&#8221;1&#8243; fullwidth=&#8221;on&#8221; custom_padding_last_edited=&#8221;on|desktop&#8221; disabled_on=&#8221;on|off|on&#8221; admin_label=&#8221;Section tablet&#8221; _builder_version=&#8221;4.9.4&#8243; background_color=&#8221;#ffffff&#8221; custom_padding_tablet=&#8221;50px|0|50px|0&#8243; custom_padding_phone=&#8221;&#8221; transparent_background=&#8221;off&#8221; padding_mobile=&#8221;off&#8221; make_fullwidth=&#8221;off&#8221; use_custom_width=&#8221;off&#8221; width_unit=&#8221;on&#8221; locked=&#8221;off&#8221;][et_pb_fullwidth_header title=&#8221;SRS Nyheter&#8221; content_max_width=&#8221;none&#8221; title_font_color=&#8221;#ffffff&#8221; subhead_font_color=&#8221;#6e9cd0&#8243; content_font_color=&#8221;#ffffff&#8221; disabled_on=&#8221;off||&#8221; admin_label=&#8221;Fullwidth Header&#8221; _builder_version=&#8221;4.9.4&#8243; title_font=&#8221;|on|||&#8221; title_text_color=&#8221;#ffffff&#8221; title_font_size=&#8221;50px&#8221; content_text_color=&#8221;#ffffff&#8221; content_font_size=&#8221;20px&#8221; subhead_text_color=&#8221;#6e9cd0&#8243; subhead_font_size=&#8221;20px&#8221; background_color=&#8221;#fdce00&#8243; button_one_letter_spacing_hover=&#8221;0&#8243; button_two_letter_spacing_hover=&#8221;0&#8243; button_one_text_size__hover_enabled=&#8221;off&#8221; button_two_text_size__hover_enabled=&#8221;off&#8221; button_one_text_color__hover_enabled=&#8221;off&#8221; button_two_text_color__hover_enabled=&#8221;off&#8221; button_one_border_width__hover_enabled=&#8221;off&#8221; button_two_border_width__hover_enabled=&#8221;off&#8221; button_one_border_color__hover_enabled=&#8221;off&#8221; button_two_border_color__hover_enabled=&#8221;off&#8221; button_one_border_radius__hover_enabled=&#8221;off&#8221; button_two_border_radius__hover_enabled=&#8221;off&#8221; button_one_letter_spacing__hover_enabled=&#8221;on&#8221; button_one_letter_spacing__hover=&#8221;0&#8243; button_two_letter_spacing__hover_enabled=&#8221;on&#8221; button_two_letter_spacing__hover=&#8221;0&#8243; button_one_bg_color__hover_enabled=&#8221;off&#8221; button_two_bg_color__hover_enabled=&#8221;off&#8221;]<\/p>\n<h3><span style=\"font-size: 18pt;\">H\u00e4r hittar du de senaste nyheterna fr\u00e5n SRS<\/span><\/h3>\n<p>[\/et_pb_fullwidth_header][\/et_pb_section][et_pb_section fb_built=&#8221;1&#8243; custom_padding_last_edited=&#8221;on|desktop&#8221; disabled_on=&#8221;on|off|on&#8221; admin_label=&#8221;Section tablet&#8221; _builder_version=&#8221;4.9.4&#8243; background_color=&#8221;#ffffff&#8221; custom_padding_tablet=&#8221;50px|0|50px|0&#8243; custom_padding_phone=&#8221;&#8221; transparent_background=&#8221;off&#8221; padding_mobile=&#8221;off&#8221; make_fullwidth=&#8221;off&#8221; use_custom_width=&#8221;off&#8221; width_unit=&#8221;on&#8221; locked=&#8221;off&#8221;][et_pb_row padding_mobile=&#8221;off&#8221; column_padding_mobile=&#8221;on&#8221; disabled_on=&#8221;on|off|on&#8221; admin_label=&#8221;Row desktop&#8221; _builder_version=&#8221;4.9.4&#8243; background_size=&#8221;initial&#8221; background_position=&#8221;top_left&#8221; background_repeat=&#8221;repeat&#8221; make_fullwidth=&#8221;off&#8221; use_custom_width=&#8221;off&#8221; width_unit=&#8221;on&#8221;][et_pb_column type=&#8221;4_4&#8243; _builder_version=&#8221;3.25&#8243; custom_padding=&#8221;|||&#8221; custom_padding__hover=&#8221;|||&#8221;][et_pb_blog fullwidth=&#8221;off&#8221; posts_number=&#8221;6&#8243; include_categories=&#8221;31&#8243; disabled_on=&#8221;off|off|off&#8221; admin_label=&#8221;Blog&#8221; _builder_version=&#8221;4.9.4&#8243; header_font=&#8221;|on|||&#8221; use_border_color=&#8221;off&#8221; border_color=&#8221;#ffffff&#8221; border_style=&#8221;solid&#8221; use_dropshadow=&#8221;off&#8221;] [\/et_pb_blog][et_pb_divider show_divider=&#8221;off&#8221; admin_label=&#8221;Divider&#8221; _builder_version=&#8221;4.9.4&#8243; hide_on_mobile=&#8221;off&#8221;] [\/et_pb_divider][et_pb_button button_url=&#8221;https:\/\/studentradion.se\/nyheter-2019\/&#8221; button_text=&#8221;\u00c4ldre nyheter&#8221; button_alignment=&#8221;left&#8221; _builder_version=&#8221;4.9.4&#8243; _module_preset=&#8221;default&#8221; custom_button=&#8221;on&#8221; button_icon=&#8221;%%2%%&#8221; locked=&#8221;off&#8221;][\/et_pb_button][et_pb_social_media_follow admin_label=&#8221;Sociala medier&#8221; _builder_version=&#8221;4.9.2&#8243; link_shape=&#8221;rounded_rectangle&#8221; saved_tabs=&#8221;all&#8221;][et_pb_social_media_follow_network social_network=&#8221;facebook&#8221; url=&#8221;https:\/\/www.facebook.com\/SRS-Studentradion-i-Sverige-155757564522420\/&#8221; _builder_version=&#8221;3.0.74&#8243; background_color=&#8221;#3b5998&#8243; bg_color=&#8221;#3b5998&#8243; link_shape=&#8221;rounded_rectangle&#8221; follow_button=&#8221;off&#8221; url_new_window=&#8221;on&#8221;] facebook [\/et_pb_social_media_follow_network][et_pb_social_media_follow_network social_network=&#8221;instagram&#8221; url=&#8221;https:\/\/www.instagram.com\/studentradionisverige\/&#8221; _builder_version=&#8221;4.9.2&#8243; background_color=&#8221;#517fa4&#8243; bg_color=&#8221;#517fa4&#8243; link_shape=&#8221;rounded_rectangle&#8221; follow_button=&#8221;off&#8221; url_new_window=&#8221;on&#8221;] Instagram [\/et_pb_social_media_follow_network][\/et_pb_social_media_follow][\/et_pb_column][\/et_pb_row][\/et_pb_section][et_pb_section fb_built=&#8221;1&#8243; custom_padding_last_edited=&#8221;on|desktop&#8221; disabled_on=&#8221;|on|on&#8221; admin_label=&#8221;Section phone&#8221; _builder_version=&#8221;4.9.4&#8243; background_color=&#8221;#ffffff&#8221; custom_padding_tablet=&#8221;50px|0|50px|0&#8243; custom_padding_phone=&#8221;&#8221; transparent_background=&#8221;off&#8221; padding_mobile=&#8221;off&#8221; make_fullwidth=&#8221;off&#8221; use_custom_width=&#8221;off&#8221; width_unit=&#8221;on&#8221; locked=&#8221;off&#8221;][et_pb_row padding_mobile=&#8221;off&#8221; column_padding_mobile=&#8221;on&#8221; disabled_on=&#8221;|on|on&#8221; admin_label=&#8221;Row&#8221; _builder_version=&#8221;4.9.4&#8243; background_size=&#8221;initial&#8221; background_position=&#8221;top_left&#8221; background_repeat=&#8221;repeat&#8221; make_fullwidth=&#8221;off&#8221; use_custom_width=&#8221;off&#8221; width_unit=&#8221;on&#8221;][et_pb_column type=&#8221;4_4&#8243; _builder_version=&#8221;3.25&#8243; custom_padding=&#8221;|||&#8221; custom_padding__hover=&#8221;|||&#8221;][et_pb_text disabled_on=&#8221;off|on|on&#8221; admin_label=&#8221;Nyheter Phone&#8221; _builder_version=&#8221;4.9.4&#8243; _module_preset=&#8221;default&#8221;]<\/p>\n<p><span style=\"font-size: 24pt; color: #000000;\"><strong>SRS Nyheter<\/strong><\/span><\/p>\n<p>&nbsp;<\/p>\n<h3><span style=\"font-size: 12pt;\">H\u00e4r hittar du de senaste nyheterna fr\u00e5n SRS<\/span><\/h3>\n<p>[\/et_pb_text][et_pb_blog fullwidth=&#8221;off&#8221; posts_number=&#8221;6&#8243; include_categories=&#8221;31&#8243; disabled_on=&#8221;off|off|off&#8221; admin_label=&#8221;Blog&#8221; _builder_version=&#8221;4.9.4&#8243; header_font=&#8221;|on|||&#8221; use_border_color=&#8221;off&#8221; border_color=&#8221;#ffffff&#8221; border_style=&#8221;solid&#8221; use_dropshadow=&#8221;off&#8221;] [\/et_pb_blog][et_pb_divider show_divider=&#8221;off&#8221; admin_label=&#8221;Divider&#8221; _builder_version=&#8221;4.9.4&#8243; hide_on_mobile=&#8221;off&#8221;] [\/et_pb_divider][et_pb_button button_url=&#8221;https:\/\/studentradion.se\/nyheter-2019\/&#8221; button_text=&#8221;\u00c4ldre nyheter&#8221; button_alignment=&#8221;left&#8221; _builder_version=&#8221;4.9.4&#8243; _module_preset=&#8221;default&#8221; custom_button=&#8221;on&#8221; button_icon=&#8221;%%2%%&#8221; locked=&#8221;off&#8221;][\/et_pb_button][et_pb_social_media_follow admin_label=&#8221;Sociala medier&#8221; _builder_version=&#8221;4.9.2&#8243; link_shape=&#8221;rounded_rectangle&#8221; saved_tabs=&#8221;all&#8221;][et_pb_social_media_follow_network social_network=&#8221;facebook&#8221; url=&#8221;https:\/\/www.facebook.com\/SRS-Studentradion-i-Sverige-155757564522420\/&#8221; _builder_version=&#8221;3.0.74&#8243; background_color=&#8221;#3b5998&#8243; bg_color=&#8221;#3b5998&#8243; link_shape=&#8221;rounded_rectangle&#8221; follow_button=&#8221;off&#8221; url_new_window=&#8221;on&#8221;] facebook [\/et_pb_social_media_follow_network][et_pb_social_media_follow_network social_network=&#8221;instagram&#8221; url=&#8221;https:\/\/www.instagram.com\/studentradionisverige\/&#8221; _builder_version=&#8221;4.9.2&#8243; background_color=&#8221;#517fa4&#8243; bg_color=&#8221;#517fa4&#8243; link_shape=&#8221;rounded_rectangle&#8221; follow_button=&#8221;off&#8221; url_new_window=&#8221;on&#8221;] Instagram [\/et_pb_social_media_follow_network][\/et_pb_social_media_follow][\/et_pb_column][\/et_pb_row][\/et_pb_section]<\/p>\n","protected":false},"excerpt":{"rendered":"<p>H\u00e4r hittar du de senaste nyheterna fr\u00e5n SRS H\u00e4r hittar du de senaste nyheterna fr\u00e5n SRS SRS Nyheter &nbsp; H\u00e4r hittar du de senaste nyheterna fr\u00e5n SRS<\/p>","protected":false},"author":29,"featured_media":0,"parent":0,"menu_order":0,"comment_status":"closed","ping_status":"closed","template":"","meta":{"_et_pb_use_builder":"on","_et_pb_old_content":"","_et_gb_content_width":"","footnotes":""},"class_list":["post-6092","page","type-page","status-publish","hentry"],"_links":{"self":[{"href":"https:\/\/studentradion.se\/en_gb\/wp-json\/wp\/v2\/pages\/6092","targetHints":{"allow":["GET"]}}],"collection":[{"href":"https:\/\/studentradion.se\/en_gb\/wp-json\/wp\/v2\/pages"}],"about":[{"href":"https:\/\/studentradion.se\/en_gb\/wp-json\/wp\/v2\/types\/page"}],"author":[{"embeddable":true,"href":"https:\/\/studentradion.se\/en_gb\/wp-json\/wp\/v2\/users\/29"}],"replies":[{"embeddable":true,"href":"https:\/\/studentradion.se\/en_gb\/wp-json\/wp\/v2\/comments?post=6092"}],"version-history":[{"count":32,"href":"https:\/\/studentradion.se\/en_gb\/wp-json\/wp\/v2\/pages\/6092\/revisions"}],"predecessor-version":[{"id":7458,"href":"https:\/\/studentradion.se\/en_gb\/wp-json\/wp\/v2\/pages\/6092\/revisions\/7458"}],"wp:attachment":[{"href":"https:\/\/studentradion.se\/en_gb\/wp-json\/wp\/v2\/media?parent=6092"}],"curies":[{"name":"wp","href":"https:\/\/api.w.org\/{rel}","templated":true}]}}