{"id":2612,"date":"2015-11-19T12:18:13","date_gmt":"2015-11-19T11:18:13","guid":{"rendered":"http:\/\/studentradion.se\/?page_id=2612"},"modified":"2021-05-17T16:03:15","modified_gmt":"2021-05-17T14:03:15","slug":"studentradiolistan","status":"publish","type":"page","link":"https:\/\/studentradion.se\/en_gb\/studentradiolistan\/","title":{"rendered":"STUDENTRADIOLISTAN"},"content":{"rendered":"<p>[et_pb_section fb_built=&#8221;1&#8243; fullwidth=&#8221;on&#8221; custom_padding_last_edited=&#8221;on|desktop&#8221; disabled_on=&#8221;on||&#8221; admin_label=&#8221;Section&#8221; _builder_version=&#8221;4.9.3&#8243; background_color=&#8221;#ffffff&#8221; custom_padding_tablet=&#8221;50px|0|50px|0&#8243; custom_padding_phone=&#8221;&#8221; transparent_background=&#8221;off&#8221; padding_mobile=&#8221;off&#8221; make_fullwidth=&#8221;off&#8221; use_custom_width=&#8221;off&#8221; width_unit=&#8221;on&#8221;][et_pb_fullwidth_header title=&#8221;STUDENTRADIOLISTAN&#8221; content_max_width=&#8221;none&#8221; title_font_color=&#8221;#ffffff&#8221; subhead_font_color=&#8221;#6e9cd0&#8243; content_font_color=&#8221;#ffffff&#8221; disabled_on=&#8221;off||&#8221; admin_label=&#8221;Fullwidth Header&#8221; _builder_version=&#8221;4.9.4&#8243; title_font=&#8221;|on|||&#8221; title_text_color=&#8221;#ffffff&#8221; title_font_size=&#8221;50px&#8221; content_text_color=&#8221;#ffffff&#8221; content_font_size=&#8221;20px&#8221; subhead_text_color=&#8221;#6e9cd0&#8243; subhead_font_size=&#8221;20px&#8221; background_color=&#8221;#fdce00&#8243; hover_enabled=&#8221;0&#8243; button_one_letter_spacing_hover=&#8221;0&#8243; button_two_letter_spacing_hover=&#8221;0&#8243; button_one_text_size__hover_enabled=&#8221;off&#8221; button_two_text_size__hover_enabled=&#8221;off&#8221; button_one_text_color__hover_enabled=&#8221;off&#8221; button_two_text_color__hover_enabled=&#8221;off&#8221; button_one_border_width__hover_enabled=&#8221;off&#8221; button_two_border_width__hover_enabled=&#8221;off&#8221; button_one_border_color__hover_enabled=&#8221;off&#8221; button_two_border_color__hover_enabled=&#8221;off&#8221; button_one_border_radius__hover_enabled=&#8221;off&#8221; button_two_border_radius__hover_enabled=&#8221;off&#8221; button_one_letter_spacing__hover_enabled=&#8221;on&#8221; button_one_letter_spacing__hover=&#8221;0&#8243; button_two_letter_spacing__hover_enabled=&#8221;on&#8221; button_two_letter_spacing__hover=&#8221;0&#8243; button_one_bg_color__hover_enabled=&#8221;off&#8221; button_two_bg_color__hover_enabled=&#8221;off&#8221; sticky_enabled=&#8221;0&#8243;]<\/p>\n<h3><span style=\"font-size: 18pt;\"><strong>Vi samlar de 20 mest spelade l\u00e5tarna varje vecka<\/strong><\/span><\/h3>\n<p>[\/et_pb_fullwidth_header][\/et_pb_section][et_pb_section fb_built=&#8221;1&#8243; custom_padding_last_edited=&#8221;on|desktop&#8221; disabled_on=&#8221;off|on|on&#8221; admin_label=&#8221;Section Phone&#8221; _builder_version=&#8221;4.9.3&#8243; background_color=&#8221;#ffffff&#8221; custom_padding_tablet=&#8221;50px|0|50px|0&#8243; custom_padding_phone=&#8221;&#8221; transparent_background=&#8221;off&#8221; padding_mobile=&#8221;off&#8221; make_fullwidth=&#8221;off&#8221; use_custom_width=&#8221;off&#8221; width_unit=&#8221;on&#8221;][et_pb_row padding_mobile=&#8221;off&#8221; column_padding_mobile=&#8221;on&#8221; disabled_on=&#8221;|off|on&#8221; admin_label=&#8221;Row&#8221; _builder_version=&#8221;3.25&#8243; background_size=&#8221;initial&#8221; background_position=&#8221;top_left&#8221; background_repeat=&#8221;repeat&#8221; make_fullwidth=&#8221;off&#8221; use_custom_width=&#8221;off&#8221; width_unit=&#8221;on&#8221;][et_pb_column type=&#8221;4_4&#8243; _builder_version=&#8221;3.25&#8243; custom_padding=&#8221;|||&#8221; custom_padding__hover=&#8221;|||&#8221;][et_pb_text disabled_on=&#8221;|off|off&#8221; admin_label=&#8221;listan phone&#8221; _builder_version=&#8221;4.9.4&#8243; text_text_color=&#8221;#000000&#8243; text_font_size=&#8221;30&#8243; background_size=&#8221;initial&#8221; background_position=&#8221;top_left&#8221; background_repeat=&#8221;repeat&#8221; custom_margin_last_edited=&#8221;off|tablet&#8221; custom_padding_last_edited=&#8221;off|phone&#8221; hover_enabled=&#8221;0&#8243; use_border_color=&#8221;off&#8221; border_color=&#8221;#ffffff&#8221; border_style=&#8221;solid&#8221; sticky_enabled=&#8221;0&#8243;]<\/p>\n<h1 style=\"text-align: left;\"><span style=\"color: #000000; font-size: 24pt;\"><strong>Studentradiolistan<\/strong><\/span><\/h1>\n<p>&nbsp;<\/p>\n<p>[\/et_pb_text][et_pb_text disabled_on=&#8221;off||&#8221; admin_label=&#8221;listan tablet och desktop&#8221; _builder_version=&#8221;4.9.4&#8243; text_text_color=&#8221;#000000&#8243; text_font_size=&#8221;20&#8243; background_size=&#8221;initial&#8221; background_position=&#8221;top_left&#8221; background_repeat=&#8221;repeat&#8221; custom_margin_last_edited=&#8221;off|tablet&#8221; custom_padding_tablet=&#8221;&#8221; custom_padding_phone=&#8221;&#8221; custom_padding_last_edited=&#8221;on|desktop&#8221; hover_enabled=&#8221;0&#8243; use_border_color=&#8221;off&#8221; border_color=&#8221;#ffffff&#8221; border_style=&#8221;solid&#8221; locked=&#8221;off&#8221; sticky_enabled=&#8221;0&#8243;]<\/p>\n<p><span style=\"font-size: 14pt; color: #000000;\"><strong>Detta \u00e4r listan som h\u00e5ller koll p\u00e5 vad som spelas fr\u00e5n norr till s\u00f6der! Varje vecka listar vi de 20 mest spelade l\u00e5tarna p\u00e5 landets studentradiostationer.<\/strong><\/span><\/p>\n<p><span style=\"font-size: 12pt;\">Studentradiolistan h\u00f6r du i PiteFM Studentradion 92.8 \u2013 Pite\u00e5s studentradio, G\u00f6teborgs studentradio K103, Dur \u2013 Dalarnas studentradio och RadioLur \u2013 V\u00e4xj\u00f6s studentradio.<\/span><\/p>\n<p><span style=\"font-size: 12pt;\">Vi som s\u00e4nder Studentradiolistan \u00e4r: Emma Isberg, Martin Hall\u00e9n-Almroth, Elisabeth Hedstr\u00f6m och Alma Shapiro<\/span><\/p>\n<p><span style=\"font-size: 12pt;\"><strong>Kontakt<\/strong>: Emma Isberg \u2013 studentradiolistan@pitefm.se<\/span><\/p>\n<p><span style=\"font-size: 12pt;\"><em><strong>Studentradiolistan produceras av PiteFM Studentradion 92.8.<\/strong><\/em><\/span><\/p>\n<h3 style=\"text-align: center;\">\u00a0<\/h3>\n<p>[\/et_pb_text][et_pb_social_media_follow disabled_on=&#8221;off|on|on&#8221; admin_label=&#8221;Sociala medier&#8221; _builder_version=&#8221;4.9.3&#8243; link_shape=&#8221;rounded_rectangle&#8221; saved_tabs=&#8221;all&#8221; locked=&#8221;off&#8221;][et_pb_social_media_follow_network social_network=&#8221;facebook&#8221; url=&#8221;https:\/\/www.facebook.com\/SRS-Studentradion-i-Sverige-155757564522420\/&#8221; _builder_version=&#8221;3.0.74&#8243; background_color=&#8221;#3b5998&#8243; bg_color=&#8221;#3b5998&#8243; link_shape=&#8221;rounded_rectangle&#8221; follow_button=&#8221;off&#8221; url_new_window=&#8221;on&#8221;] facebook [\/et_pb_social_media_follow_network][et_pb_social_media_follow_network social_network=&#8221;instagram&#8221; url=&#8221;https:\/\/www.instagram.com\/studentradionisverige\/&#8221; _builder_version=&#8221;4.9.2&#8243; background_color=&#8221;#517fa4&#8243; bg_color=&#8221;#517fa4&#8243; link_shape=&#8221;rounded_rectangle&#8221; follow_button=&#8221;off&#8221; url_new_window=&#8221;on&#8221;] Instagram [\/et_pb_social_media_follow_network][\/et_pb_social_media_follow][\/et_pb_column][\/et_pb_row][\/et_pb_section][et_pb_section fb_built=&#8221;1&#8243; custom_padding_last_edited=&#8221;on|desktop&#8221; disabled_on=&#8221;off|off|&#8221; admin_label=&#8221;Section Tablet och Desktop&#8221; _builder_version=&#8221;4.9.3&#8243; background_color=&#8221;#ffffff&#8221; custom_padding_tablet=&#8221;50px|0|50px|0&#8243; custom_padding_phone=&#8221;&#8221; transparent_background=&#8221;off&#8221; padding_mobile=&#8221;off&#8221; make_fullwidth=&#8221;off&#8221; use_custom_width=&#8221;off&#8221; width_unit=&#8221;on&#8221;][et_pb_row padding_mobile=&#8221;off&#8221; column_padding_mobile=&#8221;on&#8221; disabled_on=&#8221;off||&#8221; admin_label=&#8221;Row&#8221; _builder_version=&#8221;4.9.3&#8243; background_size=&#8221;initial&#8221; background_position=&#8221;top_left&#8221; background_repeat=&#8221;repeat&#8221; make_fullwidth=&#8221;off&#8221; use_custom_width=&#8221;off&#8221; width_unit=&#8221;on&#8221;][et_pb_column type=&#8221;4_4&#8243; _builder_version=&#8221;3.25&#8243; custom_padding=&#8221;|||&#8221; custom_padding__hover=&#8221;|||&#8221;][et_pb_text disabled_on=&#8221;on||&#8221; admin_label=&#8221;listan tablet och desktop&#8221; _builder_version=&#8221;4.9.4&#8243; text_text_color=&#8221;#000000&#8243; text_font_size=&#8221;20&#8243; background_size=&#8221;initial&#8221; background_position=&#8221;top_left&#8221; background_repeat=&#8221;repeat&#8221; custom_margin_last_edited=&#8221;off|tablet&#8221; custom_padding_tablet=&#8221;&#8221; custom_padding_phone=&#8221;&#8221; custom_padding_last_edited=&#8221;on|desktop&#8221; hover_enabled=&#8221;0&#8243; use_border_color=&#8221;off&#8221; border_color=&#8221;#ffffff&#8221; border_style=&#8221;solid&#8221; sticky_enabled=&#8221;0&#8243;]<\/p>\n<p><span style=\"color: #000000; font-size: 14pt;\"><strong>Detta \u00e4r listan som h\u00e5ller koll p\u00e5 vad som spelas fr\u00e5n norr till s\u00f6der! Varje vecka listar vi de 20 mest spelade l\u00e5tarna p\u00e5 landets studentradiostationer.<\/strong><\/span><\/p>\n<p><span style=\"font-size: 12pt;\">Studentradiolistan h\u00f6r du i PiteFM Studentradion 92.8 \u2013 Pite\u00e5s studentradio, G\u00f6teborgs studentradio K103, Dur \u2013 Dalarnas studentradio och RadioLur \u2013 V\u00e4xj\u00f6s studentradio.<\/span><\/p>\n<p><span style=\"font-size: 12pt;\">Vi som s\u00e4nder Studentradiolistan \u00e4r: Emma Isberg, Martin Hall\u00e9n-Almroth, Elisabeth Hedstr\u00f6m och Alma Shapiro<\/span><\/p>\n<p><span style=\"font-size: 12pt;\"><strong>Kontakt<\/strong>: Emma Isberg \u2013 studentradiolistan@pitefm.se<\/span><\/p>\n<p><span style=\"font-size: 12pt;\"><em><strong>Studentradiolistan produceras av PiteFM Studentradion 92.8.<\/strong><\/em><\/span><\/p>\n<h3 style=\"text-align: center;\">\u00a0<\/h3>\n<p>[\/et_pb_text][et_pb_blurb title=&#8221;Checka in Studentradiolistan p\u00e5 Spotify! &#8221; url=&#8221;https:\/\/open.spotify.com\/user\/studentradiolistan&#8221; url_new_window=&#8221;on&#8221; use_icon=&#8221;on&#8221; font_icon=&#8221;%%335%%&#8221; icon_color=&#8221;#54bc88&#8243; disabled_on=&#8221;on|on|on&#8221; admin_label=&#8221;Blurb&#8221; _builder_version=&#8221;4.9.3&#8243; header_font=&#8221;|on|||&#8221; background_size=&#8221;initial&#8221; background_position=&#8221;top_left&#8221; background_repeat=&#8221;repeat&#8221; text_orientation=&#8221;center&#8221; use_border_color=&#8221;off&#8221; border_color=&#8221;#ffffff&#8221; border_style=&#8221;solid&#8221; disabled=&#8221;on&#8221;][\/et_pb_blurb][et_pb_divider show_divider=&#8221;off&#8221; admin_label=&#8221;Divider&#8221; _builder_version=&#8221;4.9.4&#8243; hover_enabled=&#8221;0&#8243; hide_on_mobile=&#8221;off&#8221; sticky_enabled=&#8221;0&#8243;] [\/et_pb_divider][et_pb_social_media_follow disabled_on=&#8221;on|off|off&#8221; admin_label=&#8221;Sociala medier&#8221; _builder_version=&#8221;4.9.3&#8243; link_shape=&#8221;rounded_rectangle&#8221; saved_tabs=&#8221;all&#8221; locked=&#8221;off&#8221;][et_pb_social_media_follow_network social_network=&#8221;facebook&#8221; url=&#8221;https:\/\/www.facebook.com\/SRS-Studentradion-i-Sverige-155757564522420\/&#8221; _builder_version=&#8221;3.0.74&#8243; background_color=&#8221;#3b5998&#8243; bg_color=&#8221;#3b5998&#8243; link_shape=&#8221;rounded_rectangle&#8221; follow_button=&#8221;off&#8221; url_new_window=&#8221;on&#8221;] facebook [\/et_pb_social_media_follow_network][et_pb_social_media_follow_network social_network=&#8221;instagram&#8221; url=&#8221;https:\/\/www.instagram.com\/studentradionisverige\/&#8221; _builder_version=&#8221;4.9.2&#8243; background_color=&#8221;#517fa4&#8243; bg_color=&#8221;#517fa4&#8243; link_shape=&#8221;rounded_rectangle&#8221; follow_button=&#8221;off&#8221; url_new_window=&#8221;on&#8221;] Instagram [\/et_pb_social_media_follow_network][\/et_pb_social_media_follow][\/et_pb_column][\/et_pb_row][\/et_pb_section]<\/p>\n","protected":false},"excerpt":{"rendered":"<p>Vi samlar de 20 mest spelade l\u00e5tarna varje veckaStudentradiolistan &nbsp;Detta \u00e4r listan som h\u00e5ller koll p\u00e5 vad som spelas fr\u00e5n norr till s\u00f6der! Varje vecka listar vi de 20 mest spelade l\u00e5tarna p\u00e5 landets studentradiostationer. Studentradiolistan h\u00f6r du i PiteFM Studentradion 92.8 \u2013 Pite\u00e5s studentradio, G\u00f6teborgs studentradio K103, Dur \u2013 Dalarnas studentradio och RadioLur \u2013 [&hellip;]<\/p>\n","protected":false},"author":24,"featured_media":0,"parent":0,"menu_order":0,"comment_status":"closed","ping_status":"closed","template":"","meta":{"_et_pb_use_builder":"on","_et_pb_old_content":"","_et_gb_content_width":"","footnotes":""},"class_list":["post-2612","page","type-page","status-publish","hentry"],"_links":{"self":[{"href":"https:\/\/studentradion.se\/en_gb\/wp-json\/wp\/v2\/pages\/2612","targetHints":{"allow":["GET"]}}],"collection":[{"href":"https:\/\/studentradion.se\/en_gb\/wp-json\/wp\/v2\/pages"}],"about":[{"href":"https:\/\/studentradion.se\/en_gb\/wp-json\/wp\/v2\/types\/page"}],"author":[{"embeddable":true,"href":"https:\/\/studentradion.se\/en_gb\/wp-json\/wp\/v2\/users\/24"}],"replies":[{"embeddable":true,"href":"https:\/\/studentradion.se\/en_gb\/wp-json\/wp\/v2\/comments?post=2612"}],"version-history":[{"count":167,"href":"https:\/\/studentradion.se\/en_gb\/wp-json\/wp\/v2\/pages\/2612\/revisions"}],"predecessor-version":[{"id":7132,"href":"https:\/\/studentradion.se\/en_gb\/wp-json\/wp\/v2\/pages\/2612\/revisions\/7132"}],"wp:attachment":[{"href":"https:\/\/studentradion.se\/en_gb\/wp-json\/wp\/v2\/media?parent=2612"}],"curies":[{"name":"wp","href":"https:\/\/api.w.org\/{rel}","templated":true}]}}